{"id":756,"date":"2023-02-02T14:02:46","date_gmt":"2023-02-02T13:02:46","guid":{"rendered":"http:\/\/www.fftt.com\/observatoire\/?page_id=756"},"modified":"2024-06-18T10:43:54","modified_gmt":"2024-06-18T08:43:54","slug":"accueil","status":"publish","type":"page","link":"https:\/\/www.fftt.com\/observatoire\/","title":{"rendered":"accueil"},"content":{"rendered":"<div class='watch-action'><div class='watch-position align-right'><div class='action-like'><a class='lbg-style1 like-756 jlk' href='javascript:void(0)' data-task='like' data-post_id='756' data-nonce='0a220ac3fb' rel='nofollow'><img class='wti-pixel' src='https:\/\/www.fftt.com\/observatoire\/wp-content\/plugins\/wti-like-post\/images\/pixel.gif' title='J&#039;aime' \/><span class='lc-756 lc'>0<\/span><\/a><\/div><div class='action-unlike'><a class='unlbg-style1 unlike-756 jlk' href='javascript:void(0)' data-task='unlike' data-post_id='756' data-nonce='0a220ac3fb' rel='nofollow'><img class='wti-pixel' src='https:\/\/www.fftt.com\/observatoire\/wp-content\/plugins\/wti-like-post\/images\/pixel.gif' title='Je n&#039;aime pas' \/><span class='unlc-756 unlc'>0<\/span><\/a><\/div> <\/div> <div class='status-756 status align-right'><\/div><\/div><div class='wti-clear'><\/div><p>[et_pb_section fb_built=\u00a0\u00bb1&Prime; _builder_version=\u00a0\u00bb4.23&Prime; _module_preset=\u00a0\u00bbdefault\u00a0\u00bb background_color=\u00a0\u00bb#f7f7f7&Prime; min_height=\u00a0\u00bb2654.1px\u00a0\u00bb custom_margin=\u00a0\u00bb0px||-55px||false|false\u00a0\u00bb custom_padding=\u00a0\u00bb0px|||44px|false|false\u00a0\u00bb global_colors_info=\u00a0\u00bb{}\u00a0\u00bb][et_pb_row _builder_version=\u00a0\u00bb4.23&Prime; _module_preset=\u00a0\u00bbdefault\u00a0\u00bb background_color=\u00a0\u00bb#f7f7f7&Prime; min_height=\u00a0\u00bb380.6px\u00a0\u00bb custom_margin=\u00a0\u00bb24px|auto|-60px|auto|false|false\u00a0\u00bb custom_padding=\u00a0\u00bb0px||0px||false|false\u00a0\u00bb global_colors_info=\u00a0\u00bb{}\u00a0\u00bb][et_pb_column type=\u00a0\u00bb4_4&Prime; _builder_version=\u00a0\u00bb4.23&Prime; _module_preset=\u00a0\u00bbdefault\u00a0\u00bb global_colors_info=\u00a0\u00bb{}\u00a0\u00bb][et_pb_text module_id=\u00a0\u00bbCOLORT\u00a0\u00bb _builder_version=\u00a0\u00bb4.23&Prime; _module_preset=\u00a0\u00bbdefault\u00a0\u00bb text_font=\u00a0\u00bbRoboto||||||||\u00a0\u00bb header_font=\u00a0\u00bbRoboto|700|||||||\u00a0\u00bb header_font_size=\u00a0\u00bb29px\u00a0\u00bb width=\u00a0\u00bb100%\u00a0\u00bb custom_margin=\u00a0\u00bb||||false|false\u00a0\u00bb custom_padding=\u00a0\u00bb2%|2%|2%|2%|false|false\u00a0\u00bb custom_css_free_form=\u00a0\u00bbCOLORT {color:black}\u00a0\u00bb border_radii=\u00a0\u00bbon|8px|8px|8px|8px\u00a0\u00bb border_width_all=\u00a0\u00bb2px\u00a0\u00bb border_color_all=\u00a0\u00bb#ceeaf7&Prime; global_colors_info=\u00a0\u00bb{}\u00a0\u00bb]<\/p>\n<h1 class=\"et_pb_module_header et-fb-editable-element et-fb-editable-element__editing\" data-shortcode-id=\"0.0-1704361451500\" data-quickaccess-id=\"title\" contenteditable=\"true\" autocomplete=\"off\" style=\"text-align: center;\">PARTAGE DES BONNES PRATIQUES<\/h1>\n<p style=\"text-align: justify;\"><strong>Ce site est fait pour vous !<\/strong><\/p>\n<p style=\"text-align: justify;\"><span style=\"text-decoration: underline;\"><strong>Inspirez-vous<\/strong><\/span> des fiches d&rsquo;exp\u00e9riences d\u00e9j\u00e0 pr\u00e9sentes sur le site, pour <strong>dynamiser votre club<\/strong>, en partant d&rsquo;une base d&rsquo;organisation qui vous fera gagner un temps pr\u00e9cieux.<\/p>\n<p style=\"text-align: justify;\"><span style=\"text-decoration: underline;\"><strong>Partagez g\u00e9n\u00e9reusement<\/strong><\/span> vos r\u00e9ussites locales, ainsi mises en valeur sur le site, <strong>pour en faire profiter d&rsquo;autres<\/strong> qui pourront adapter votre action \u00e0 leur environnement.<\/p>\n<p style=\"text-align: justify;\">Nous esp\u00e9rons que la cr\u00e9ation de ce <strong>r\u00e9seau solidaire <\/strong>fera grandir le tennis de table hexagonal.<\/p>\n<p style=\"text-align: justify;\">\u00ab\u00a0Lorsque deux forces sont jointes, leur efficacit\u00e9 est double\u00a0\u00bb (Isaac Newton)<\/p>\n<p style=\"text-align: justify;\"><strong>Alors imaginez la force jointe de 3200 structures !<\/strong><\/p>\n<p>[\/et_pb_text][\/et_pb_column][\/et_pb_row][et_pb_row _builder_version=\u00a0\u00bb4.24.0&Prime; _module_preset=\u00a0\u00bbdefault\u00a0\u00bb global_colors_info=\u00a0\u00bb{}\u00a0\u00bb][et_pb_column type=\u00a0\u00bb4_4&Prime; _builder_version=\u00a0\u00bb4.24.0&Prime; _module_preset=\u00a0\u00bbdefault\u00a0\u00bb global_colors_info=\u00a0\u00bb{}\u00a0\u00bb][et_pb_text _builder_version=\u00a0\u00bb4.24.0&Prime; _module_preset=\u00a0\u00bbdefault\u00a0\u00bb header_font=\u00a0\u00bbRoboto||||||||\u00a0\u00bb header_text_align=\u00a0\u00bbcenter\u00a0\u00bb min_height=\u00a0\u00bb16px\u00a0\u00bb custom_margin=\u00a0\u00bb24px||||false|false\u00a0\u00bb global_colors_info=\u00a0\u00bb{}\u00a0\u00bb]<\/p>\n<h1>TROUVER UNE FICHE<\/h1>\n<p>[\/et_pb_text][\/et_pb_column][\/et_pb_row][et_pb_row column_structure=\u00a0\u00bb1_4,1_4,1_4,1_4&Prime; _builder_version=\u00a0\u00bb4.23&Prime; _module_preset=\u00a0\u00bbdefault\u00a0\u00bb min_height=\u00a0\u00bb259.5px\u00a0\u00bb global_colors_info=\u00a0\u00bb{}\u00a0\u00bb][et_pb_column type=\u00a0\u00bb1_4&Prime; _builder_version=\u00a0\u00bb4.23&Prime; _module_preset=\u00a0\u00bbdefault\u00a0\u00bb global_colors_info=\u00a0\u00bb{}\u00a0\u00bb][et_pb_text _builder_version=\u00a0\u00bb4.24.0&Prime; _module_preset=\u00a0\u00bbdefault\u00a0\u00bb text_text_color=\u00a0\u00bb#FFFFFF\u00a0\u00bb use_background_color_gradient=\u00a0\u00bbon\u00a0\u00bb background_color_gradient_direction=\u00a0\u00bb290deg\u00a0\u00bb background_color_gradient_stops=\u00a0\u00bb#f7e031 1%|#e09900 100%\u00a0\u00bb hover_enabled=\u00a0\u00bb0&Prime; global_colors_info=\u00a0\u00bb{}\u00a0\u00bb border_radii=\u00a0\u00bboff|10px|10px||\u00a0\u00bb sticky_enabled=\u00a0\u00bb0&Prime;]<\/p>\n<p style=\"text-align: center;\"><strong><b>PING \u00c9<\/b>DUCATIF<\/strong><\/p>\n<p>[\/et_pb_text][et_pb_text _builder_version=\u00a0\u00bb4.24.0&Prime; _module_preset=\u00a0\u00bbdefault\u00a0\u00bb background_color=\u00a0\u00bbRGBA(255,255,255,0)\u00a0\u00bb custom_margin=\u00a0\u00bb-30px||||false|false\u00a0\u00bb custom_padding=\u00a0\u00bb|10px||10px|true|true\u00a0\u00bb border_radii=\u00a0\u00bboff|||10px|10px\u00a0\u00bb border_width_all=\u00a0\u00bb2px\u00a0\u00bb border_color_all=\u00a0\u00bb#adadad\u00a0\u00bb global_colors_info=\u00a0\u00bb{}\u00a0\u00bb]<\/p>\n<ul>\n<li><a href=\"\/observatoire\/category\/ping-educatif\/ping4-7ans\">Ping 4\/7 ans<\/a><\/li>\n<li><a href=\"\/observatoire\/category\/ping-educatif\/ping-a-lecole\">Ping \u00e0 l\u2019\u00e9cole<\/a><\/li>\n<li><a href=\"\/observatoire\/category\/ping-educatif\/ping8-12\">Ping 8\/12 ans<\/a><\/li>\n<\/ul>\n<p>[\/et_pb_text][\/et_pb_column][et_pb_column type=\u00a0\u00bb1_4&Prime; _builder_version=\u00a0\u00bb4.23&Prime; _module_preset=\u00a0\u00bbdefault\u00a0\u00bb global_colors_info=\u00a0\u00bb{}\u00a0\u00bb][et_pb_text _builder_version=\u00a0\u00bb4.24.0&Prime; _module_preset=\u00a0\u00bbdefault\u00a0\u00bb text_text_color=\u00a0\u00bb#FFFFFF\u00a0\u00bb use_background_color_gradient=\u00a0\u00bbon\u00a0\u00bb background_color_gradient_direction=\u00a0\u00bb290deg\u00a0\u00bb background_color_gradient_stops=\u00a0\u00bb#a0eb00 0%|#5b8500 100%\u00a0\u00bb hover_enabled=\u00a0\u00bb0&Prime; global_colors_info=\u00a0\u00bb{}\u00a0\u00bb border_radii=\u00a0\u00bboff|10px|10px||\u00a0\u00bb sticky_enabled=\u00a0\u00bb0&Prime;]<\/p>\n<p style=\"text-align: center;\"><b>PING ACTIF<\/b><\/p>\n<p>[\/et_pb_text][et_pb_text _builder_version=\u00a0\u00bb4.24.0&Prime; _module_preset=\u00a0\u00bbdefault\u00a0\u00bb background_color=\u00a0\u00bbRGBA(255,255,255,0)\u00a0\u00bb custom_margin=\u00a0\u00bb-30px||||false|false\u00a0\u00bb custom_padding=\u00a0\u00bb|10px||10px|true|true\u00a0\u00bb border_radii=\u00a0\u00bboff|||10px|10px\u00a0\u00bb border_width_all=\u00a0\u00bb2px\u00a0\u00bb border_color_all=\u00a0\u00bb#adadad\u00a0\u00bb global_colors_info=\u00a0\u00bb{}\u00a0\u00bb]<\/p>\n<ul>\n<li><a href=\"\/observatoire\/category\/ping-actif\/ping-ado\">Ping ado<\/a><\/li>\n<li><a href=\"\/observatoire\/category\/ping-actif\/ping-sante\/\">Ping sant\u00e9<\/a><\/li>\n<li><a href=\"\/observatoire\/category\/ping-actif\/ping-entreprise\/\">Ping entreprise<\/a><\/li>\n<li><a href=\"\/observatoire\/category\/ping-actif\/ping-loisirs-bien-etre\/\">Ping loisirs bien-\u00eatre<\/a><\/li>\n<li><a href=\"\/observatoire\/category\/ping-actif\/ping-seniors\/\">Ping seniors<\/a><\/li>\n<\/ul>\n<p>[\/et_pb_text][\/et_pb_column][et_pb_column type=\u00a0\u00bb1_4&Prime; _builder_version=\u00a0\u00bb4.24.0&Prime; _module_preset=\u00a0\u00bbdefault\u00a0\u00bb global_colors_info=\u00a0\u00bb{}\u00a0\u00bb][et_pb_text _builder_version=\u00a0\u00bb4.24.0&Prime; _module_preset=\u00a0\u00bbdefault\u00a0\u00bb text_text_color=\u00a0\u00bb#FFFFFF\u00a0\u00bb use_background_color_gradient=\u00a0\u00bbon\u00a0\u00bb background_color_gradient_direction=\u00a0\u00bb290deg\u00a0\u00bb background_color_gradient_stops=\u00a0\u00bb#fc9569 1%|#e02b20 99%\u00a0\u00bb hover_enabled=\u00a0\u00bb0&Prime; global_colors_info=\u00a0\u00bb{}\u00a0\u00bb border_radii=\u00a0\u00bboff|10px|10px||\u00a0\u00bb sticky_enabled=\u00a0\u00bb0&Prime;]<\/p>\n<p style=\"text-align: center;\"><b>PING INCLUSIF<\/b><\/p>\n<p>[\/et_pb_text][et_pb_text _builder_version=\u00a0\u00bb4.24.0&Prime; _module_preset=\u00a0\u00bbdefault\u00a0\u00bb background_color=\u00a0\u00bbRGBA(255,255,255,0)\u00a0\u00bb custom_margin=\u00a0\u00bb-30px||||false|false\u00a0\u00bb custom_padding=\u00a0\u00bb|10px||10px|true|true\u00a0\u00bb border_radii=\u00a0\u00bboff|||10px|10px\u00a0\u00bb border_width_all=\u00a0\u00bb2px\u00a0\u00bb border_color_all=\u00a0\u00bb#adadad\u00a0\u00bb global_colors_info=\u00a0\u00bb{}\u00a0\u00bb]<\/p>\n<ul>\n<li><a href=\"\/observatoire\/category\/ping-inclusif\/ping-en-millieu-carceral\/\">Ping en milieu carc\u00e9ral<\/a><\/li>\n<li><a href=\"\/observatoire\/category\/ping-inclusif\/ping-handi\/\">Ping handi<\/a><\/li>\n<li><a href=\"\/observatoire\/category\/ping-inclusif\/ping-emploi\/\">Ping emploi<\/a><\/li>\n<li><a href=\"\/observatoire\/category\/ping-inclusif\/ping-solidaire\/\">Ping solidaire<\/a><\/li>\n<\/ul>\n<p>[\/et_pb_text][\/et_pb_column][et_pb_column type=\u00a0\u00bb1_4&Prime; _builder_version=\u00a0\u00bb4.23&Prime; _module_preset=\u00a0\u00bbdefault\u00a0\u00bb global_colors_info=\u00a0\u00bb{}\u00a0\u00bb][et_pb_text _builder_version=\u00a0\u00bb4.24.0&Prime; _module_preset=\u00a0\u00bbdefault\u00a0\u00bb text_text_color=\u00a0\u00bb#FFFFFF\u00a0\u00bb use_background_color_gradient=\u00a0\u00bbon\u00a0\u00bb background_color_gradient_direction=\u00a0\u00bb290deg\u00a0\u00bb background_color_gradient_stops=\u00a0\u00bb#1fe0ba 0%|#0c71c3 100%\u00a0\u00bb hover_enabled=\u00a0\u00bb0&Prime; global_colors_info=\u00a0\u00bb{}\u00a0\u00bb border_radii=\u00a0\u00bboff|10px|10px||\u00a0\u00bb sticky_enabled=\u00a0\u00bb0&Prime;]<\/p>\n<p style=\"text-align: center;\"><b>PING COMP\u00c9TITIF<\/b><\/p>\n<p>[\/et_pb_text][et_pb_text _builder_version=\u00a0\u00bb4.24.0&Prime; _module_preset=\u00a0\u00bbdefault\u00a0\u00bb background_color=\u00a0\u00bbRGBA(255,255,255,0)\u00a0\u00bb custom_margin=\u00a0\u00bb-30px||||false|false\u00a0\u00bb custom_padding=\u00a0\u00bb|10px||10px|true|true\u00a0\u00bb border_radii=\u00a0\u00bboff|||10px|10px\u00a0\u00bb border_width_all=\u00a0\u00bb2px\u00a0\u00bb border_color_all=\u00a0\u00bb#adadad\u00a0\u00bb global_colors_info=\u00a0\u00bb{}\u00a0\u00bb]<\/p>\n<ul>\n<li><a href=\"\/observatoire\/category\/ping-competitif\/programme-de-detection\/\">Programme de d\u00e9t\u00e9ction<\/a><\/li>\n<li><a href=\"\/observatoire\/category\/ping-competitif\/poles-espoirs-pole-france-et-haut-niveau\">P\u00f4les espoirs et haut niveau<\/a><\/li>\n<li><a href=\"\/observatoire\/category\/ping-competitif\/criterium-federal\/\">Crit\u00e9rium f\u00e9d\u00e9ral<\/a><\/li>\n<li><a href=\"\/observatoire\/category\/ping-competitif\/championnats\/\">Championnat de france<\/a><\/li>\n<li><a href=\"\/observatoire\/category\/ping-competitif\/championnats\/\">Championnats pro<\/a><\/li>\n<li><a href=\"\/observatoire\/category\/ping-competitif\/coupes-et-tournoi\/\">Coupes et tournois<\/a><\/li>\n<\/ul>\n<p>[\/et_pb_text][\/et_pb_column][\/et_pb_row][et_pb_row _builder_version=\u00a0\u00bb4.24.0&Prime; _module_preset=\u00a0\u00bbdefault\u00a0\u00bb width=\u00a0\u00bb79.9%\u00a0\u00bb custom_padding=\u00a0\u00bb55px|||||\u00a0\u00bb link_option_url=\u00a0\u00bbhttps:\/\/www.fftt.com\/observatoire\/wp-content\/uploads\/2024\/03\/fiche-bonnes-pratique-V3-1103.pdf\u00a0\u00bb link_option_url_new_window=\u00a0\u00bbon\u00a0\u00bb global_colors_info=\u00a0\u00bb{}\u00a0\u00bb][et_pb_column type=\u00a0\u00bb4_4&Prime; _builder_version=\u00a0\u00bb4.19.4&Prime; _module_preset=\u00a0\u00bbdefault\u00a0\u00bb global_colors_info=\u00a0\u00bb{}\u00a0\u00bb][et_pb_text _builder_version=\u00a0\u00bb4.24.0&Prime; _module_preset=\u00a0\u00bbdefault\u00a0\u00bb text_font=\u00a0\u00bb||||||||\u00a0\u00bb text_text_color=\u00a0\u00bb#FFFFFF\u00a0\u00bb text_font_size=\u00a0\u00bb22px\u00a0\u00bb text_line_height=\u00a0\u00bb2em\u00a0\u00bb link_font=\u00a0\u00bb||||on||||\u00a0\u00bb link_text_color=\u00a0\u00bb#FFFFFF\u00a0\u00bb background_color=\u00a0\u00bb#E02B20&Prime; animation_style=\u00a0\u00bbfade\u00a0\u00bb hover_enabled=\u00a0\u00bb0&Prime; border_radii=\u00a0\u00bbon|15px|15px|15px|15px\u00a0\u00bb border_width_all=\u00a0\u00bb2px\u00a0\u00bb global_colors_info=\u00a0\u00bb{}\u00a0\u00bb sticky_enabled=\u00a0\u00bb0&Prime;]<\/p>\n<p style=\"text-align: center;\">Vous souhaitez partager une de vos reussites ?<br \/><span style=\"font-size: medium;\">Envoyer nous une <a href=\"https:\/\/www.fftt.com\/observatoire\/wp-content\/uploads\/2024\/06\/fiche-bonnes-pratique-V4.pdf\" target=\"_blank\" rel=\"noopener\" title=\"Fiche actions bonne pratiques\">fiche action<\/a> !<\/span><\/p>\n<p>[\/et_pb_text][et_pb_button button_url=\u00a0\u00bbhttps:\/\/www.fftt.com\/observatoire\/category\/bonnes-pratiques\/\u00a0\u00bb button_text=\u00a0\u00bbTROUVER UNE FICHE\u00a0\u00bb button_alignment=\u00a0\u00bbcenter\u00a0\u00bb _builder_version=\u00a0\u00bb4.24.0&Prime; _module_preset=\u00a0\u00bbdefault\u00a0\u00bb custom_button=\u00a0\u00bbon\u00a0\u00bb button_text_color=\u00a0\u00bb#000000&Prime; button_bg_color=\u00a0\u00bb#FFFFFF\u00a0\u00bb button_border_color=\u00a0\u00bb#22f9f2&Prime; button_border_radius=\u00a0\u00bb13px\u00a0\u00bb button_letter_spacing=\u00a0\u00bb0px\u00a0\u00bb button_font=\u00a0\u00bbRoboto||||||||\u00a0\u00bb button_icon=\u00a0\u00bb&#x35;||divi||400&Prime; custom_margin=\u00a0\u00bb25px|35%|6px|35%|false|false\u00a0\u00bb custom_padding=\u00a0\u00bb7px|50px||50px|false|false\u00a0\u00bb animation_style=\u00a0\u00bbfade\u00a0\u00bb animation_duration=\u00a0\u00bb650ms\u00a0\u00bb global_colors_info=\u00a0\u00bb{}\u00a0\u00bb][\/et_pb_button][et_pb_text _builder_version=\u00a0\u00bb4.23&Prime; _module_preset=\u00a0\u00bbdefault\u00a0\u00bb min_height=\u00a0\u00bb25.8px\u00a0\u00bb custom_padding=\u00a0\u00bb18px|||0px||\u00a0\u00bb global_colors_info=\u00a0\u00bb{}\u00a0\u00bb]<\/p>\n<p style=\"text-align: center;\">Voir toutes les fiches qui participent aux <a href=\"https:\/\/www.fftt.com\/observatoire\/challenge\/\" title=\"Challenge des bonnes pratiques \">challenges des bonnes pratiques<\/a><\/p>\n<p>[\/et_pb_text][\/et_pb_column][\/et_pb_row][et_pb_row column_structure=\u00a0\u00bb1_2,1_2&Prime; _builder_version=\u00a0\u00bb4.23&Prime; _module_preset=\u00a0\u00bbdefault\u00a0\u00bb global_colors_info=\u00a0\u00bb{}\u00a0\u00bb][et_pb_column type=\u00a0\u00bb1_2&Prime; _builder_version=\u00a0\u00bb4.23&Prime; _module_preset=\u00a0\u00bbdefault\u00a0\u00bb global_colors_info=\u00a0\u00bb{}\u00a0\u00bb][et_pb_text _builder_version=\u00a0\u00bb4.23&Prime; _module_preset=\u00a0\u00bbdefault\u00a0\u00bb text_font=\u00a0\u00bbRoboto||||||||\u00a0\u00bb global_colors_info=\u00a0\u00bb{}\u00a0\u00bb]<\/p>\n<p>Voir toutes les fiches participant au <a href=\"\/observatoire\/category\/challenges-clubs\/\">challenge \u00ab\u00a0clubs\u00a0\u00bb<\/a><\/p>\n<p>[\/et_pb_text][\/et_pb_column][et_pb_column type=\u00a0\u00bb1_2&Prime; _builder_version=\u00a0\u00bb4.23&Prime; _module_preset=\u00a0\u00bbdefault\u00a0\u00bb global_colors_info=\u00a0\u00bb{}\u00a0\u00bb][et_pb_text _builder_version=\u00a0\u00bb4.23&Prime; _module_preset=\u00a0\u00bbdefault\u00a0\u00bb text_font=\u00a0\u00bbRoboto||||||||\u00a0\u00bb global_colors_info=\u00a0\u00bb{}\u00a0\u00bb]<\/p>\n<p style=\"text-align: right;\">Voir toutes les fiches participant au <a href=\"\/observatoire\/category\/challenge-comite-ligue\/\">challenge \u00ab\u00a0ligues et comit\u00e9s\u00a0\u00bb<\/a><\/p>\n<p>[\/et_pb_text][\/et_pb_column][\/et_pb_row][et_pb_row _builder_version=\u00a0\u00bb4.19.4&Prime; _module_preset=\u00a0\u00bbdefault\u00a0\u00bb global_colors_info=\u00a0\u00bb{}\u00a0\u00bb][et_pb_column type=\u00a0\u00bb4_4&Prime; _builder_version=\u00a0\u00bb4.19.4&Prime; _module_preset=\u00a0\u00bbdefault\u00a0\u00bb global_colors_info=\u00a0\u00bb{}\u00a0\u00bb][et_pb_blog fullwidth=\u00a0\u00bboff\u00a0\u00bb posts_number=\u00a0\u00bb9&Prime; include_categories=\u00a0\u00bball,68,79,83,80,67,71,70,66,69,82,65,81,138&Prime; excerpt_length=\u00a0\u00bb150&Prime; show_author=\u00a0\u00bboff\u00a0\u00bb show_date=\u00a0\u00bboff\u00a0\u00bb show_categories=\u00a0\u00bboff\u00a0\u00bb show_pagination=\u00a0\u00bboff\u00a0\u00bb _builder_version=\u00a0\u00bb4.23&Prime; _module_preset=\u00a0\u00bbdefault\u00a0\u00bb header_font=\u00a0\u00bbRoboto|900|||||||\u00a0\u00bb header_text_align=\u00a0\u00bbcenter\u00a0\u00bb header_text_color=\u00a0\u00bb#000000&Prime; header_font_size=\u00a0\u00bb19px\u00a0\u00bb meta_font=\u00a0\u00bb||on||||||\u00a0\u00bb border_radii_image=\u00a0\u00bbon|28px|28px|28px|28px\u00a0\u00bb global_colors_info=\u00a0\u00bb{}\u00a0\u00bb][\/et_pb_blog][\/et_pb_column][\/et_pb_row][\/et_pb_section]<\/p>\n","protected":false},"excerpt":{"rendered":"<p>PARTAGE DES BONNES PRATIQUES Ce site est fait pour vous ! Inspirez-vous des fiches d&rsquo;exp\u00e9riences d\u00e9j\u00e0 pr\u00e9sentes sur le site, pour dynamiser votre club, en partant d&rsquo;une base d&rsquo;organisation qui vous fera gagner un temps pr\u00e9cieux. Partagez g\u00e9n\u00e9reusement vos r\u00e9ussites locales, ainsi mises en valeur sur le site, pour en faire profiter d&rsquo;autres qui pourront [&hellip;]<\/p>\n","protected":false},"author":6,"featured_media":0,"parent":0,"menu_order":0,"comment_status":"closed","ping_status":"closed","template":"","meta":{"_et_pb_use_builder":"on","_et_pb_old_content":"","_et_gb_content_width":"","footnotes":""},"folder":[],"class_list":["post-756","page","type-page","status-publish","hentry"],"_links":{"self":[{"href":"https:\/\/www.fftt.com\/observatoire\/wp-json\/wp\/v2\/pages\/756","targetHints":{"allow":["GET"]}}],"collection":[{"href":"https:\/\/www.fftt.com\/observatoire\/wp-json\/wp\/v2\/pages"}],"about":[{"href":"https:\/\/www.fftt.com\/observatoire\/wp-json\/wp\/v2\/types\/page"}],"author":[{"embeddable":true,"href":"https:\/\/www.fftt.com\/observatoire\/wp-json\/wp\/v2\/users\/6"}],"replies":[{"embeddable":true,"href":"https:\/\/www.fftt.com\/observatoire\/wp-json\/wp\/v2\/comments?post=756"}],"version-history":[{"count":115,"href":"https:\/\/www.fftt.com\/observatoire\/wp-json\/wp\/v2\/pages\/756\/revisions"}],"predecessor-version":[{"id":1681,"href":"https:\/\/www.fftt.com\/observatoire\/wp-json\/wp\/v2\/pages\/756\/revisions\/1681"}],"wp:attachment":[{"href":"https:\/\/www.fftt.com\/observatoire\/wp-json\/wp\/v2\/media?parent=756"}],"wp:term":[{"taxonomy":"folder","embeddable":true,"href":"https:\/\/www.fftt.com\/observatoire\/wp-json\/wp\/v2\/folder?post=756"}],"curies":[{"name":"wp","href":"https:\/\/api.w.org\/{rel}","templated":true}]}}